{"id":40,"date":"2025-12-05T15:49:38","date_gmt":"2025-12-05T15:49:38","guid":{"rendered":"https:\/\/krone-liestal.ch\/?page_id=40"},"modified":"2025-12-10T17:08:02","modified_gmt":"2025-12-10T17:08:02","slug":"impressum","status":"publish","type":"page","link":"https:\/\/krone-liestal.ch\/index.php\/impressum\/","title":{"rendered":"Impressum"},"content":{"rendered":"<section class=\"bde-section-40-100 bde-section\">\n  \n  \n\t\n\n\n\n<div class=\"section-container\"><div class=\"bde-rich-text-40-101 bde-rich-text breakdance-rich-text-styles\">\n<h2><strong>Das Impressum Restaurant Krone enth\u00e4lt alle wichtigen Informationen zur verantwortlichen Instanz, Kontaktm\u00f6glichkeiten und rechtlichen Hinweisen.<\/strong><\/h2>\n<h2><strong>Verantwortliche Instanz:<\/strong><\/h2>\n<h3>Restaurant Krone<br \/>Kasernenstrasse 14<br \/>410 Liestal BL<br \/>E-Mail:\u00a0<a href=\"mailto:support@krone-liestal.ch\">info@coiffeuruemit.ch<\/a><\/h3>\n<h2><strong>Vertretungsberechtigte Personen:<\/strong><\/h2>\n<h3>Romina Rudin<\/h3>\n<h2><strong>Name des Unternehmens:<\/strong><\/h2>\n<h3>Restaurant Krone<\/h3>\n<h2><strong>Website erstellt von<\/strong><\/h2>\n<h3>Stanitech\u00a0<a href=\"https:\/\/stanitech.ch\">https:\/\/stanitech.ch<\/a><\/h3>\n<h2><strong>Haftungsausschluss<\/strong><\/h2>\n<h3>Der Autor \u00fcbernimmt keine Gew\u00e4hr f\u00fcr die Richtigkeit, Genauigkeit, Aktualit\u00e4t, Zuverl\u00e4ssigkeit und Vollst\u00e4ndigkeit der Informationen.<\/h3>\n<h3>Haftungsanspr\u00fcche gegen den Autor wegen Sch\u00e4den materieller oder immaterieller Art, die aus dem Zugriff oder der Nutzung bzw. Nichtnutzung der ver\u00f6ffentlichten Informationen, durch Missbrauch der Verbindung oder durch technische St\u00f6rungen entstanden sind, werden ausgeschlossen.<\/h3>\n<h3>Alle Angebote sind freibleibend. Der Autor beh\u00e4lt es sich ausdr\u00fccklich vor, Teile der Seiten oder das gesamte Angebot ohne gesonderte Ank\u00fcndigung zu ver\u00e4ndern, zu erg\u00e4nzen, zu l\u00f6schen oder die Ver\u00f6ffentlichung zeitweise oder endg\u00fcltig einzustellen.<\/h3>\n<h2><strong>Haftungsausschluss f\u00fcr Inhalte und Links<\/strong><\/h2>\n<h3>Verweise und Links auf Webseiten Dritter liegen ausserhalb unseres Verantwortungsbereichs. Es wird jegliche Verantwortung f\u00fcr solche Webseiten abgelehnt. Der Zugriff und die Nutzung solcher Webseiten erfolgen auf eigene Gefahr des jeweiligen Nutzers.<\/h3>\n<h2><strong>Urheberrechtserkl\u00e4rung<\/strong><\/h2>\n<h3>Die Urheber- und alle anderen Rechte an Inhalten, Bildern, Fotos oder anderen Dateien auf dieser Website, geh\u00f6ren ausschliesslich Coiffeure \u00dcmit Hairstyling GmbH oder den speziell genannten Rechteinhabern. F\u00fcr die Reproduktion jeglicher Elemente ist die schriftliche Zustimmung des Urheberrechtstr\u00e4gers im Voraus einzuholen.<\/h3>\n<p><strong>Quelle https:\u00a0<\/strong>\/\/brainbox.swiss<\/p>\n<\/div><\/div>\n<\/section>","protected":false},"excerpt":{"rendered":"<p>Das Impressum Restaurant Krone enth\u00e4lt alle wichtigen Informationen zur verantwortlichen Instanz, Kontaktm\u00f6glichkeiten und rechtlichen Hinweisen. Verantwortliche Instanz: Restaurant KroneKasernenstrasse 14410 Liestal BLE-Mail:\u00a0info@coiffeuruemit.ch Vertretungsberechtigte Personen: Romina Rudin Name des Unternehmens: Restaurant Krone Website erstellt von Stanitech\u00a0https:\/\/stanitech.ch Haftungsausschluss Der Autor \u00fcbernimmt keine Gew\u00e4hr f\u00fcr die Richtigkeit, Genauigkeit, Aktualit\u00e4t, Zuverl\u00e4ssigkeit und Vollst\u00e4ndigkeit der Informationen. Haftungsanspr\u00fcche gegen den Autor [&hellip;]<\/p>\n","protected":false},"author":1,"featured_media":0,"parent":0,"menu_order":0,"comment_status":"closed","ping_status":"closed","template":"","meta":{"_breakdance_hide_in_design_set":false,"_breakdance_tags":"","footnotes":""},"class_list":["post-40","page","type-page","status-publish","hentry"],"_links":{"self":[{"href":"https:\/\/krone-liestal.ch\/index.php\/wp-json\/wp\/v2\/pages\/40","targetHints":{"allow":["GET"]}}],"collection":[{"href":"https:\/\/krone-liestal.ch\/index.php\/wp-json\/wp\/v2\/pages"}],"about":[{"href":"https:\/\/krone-liestal.ch\/index.php\/wp-json\/wp\/v2\/types\/page"}],"author":[{"embeddable":true,"href":"https:\/\/krone-liestal.ch\/index.php\/wp-json\/wp\/v2\/users\/1"}],"replies":[{"embeddable":true,"href":"https:\/\/krone-liestal.ch\/index.php\/wp-json\/wp\/v2\/comments?post=40"}],"version-history":[{"count":6,"href":"https:\/\/krone-liestal.ch\/index.php\/wp-json\/wp\/v2\/pages\/40\/revisions"}],"predecessor-version":[{"id":885,"href":"https:\/\/krone-liestal.ch\/index.php\/wp-json\/wp\/v2\/pages\/40\/revisions\/885"}],"wp:attachment":[{"href":"https:\/\/krone-liestal.ch\/index.php\/wp-json\/wp\/v2\/media?parent=40"}],"curies":[{"name":"wp","href":"https:\/\/api.w.org\/{rel}","templated":true}]}}